{"id":480,"date":"2018-01-31T23:08:40","date_gmt":"2018-01-31T22:08:40","guid":{"rendered":"http:\/\/digitalmappe.uit.no\/tne000\/?page_id=480"},"modified":"2018-02-06T15:41:31","modified_gmt":"2018-02-06T14:41:31","slug":"3-vitenskapelig-tilnaerming-til-undervisningsoppdraget","status":"publish","type":"page","link":"https:\/\/digitalmappe.uit.no\/tne000\/3-vitenskapelig-tilnaerming-til-undervisningsoppdraget\/","title":{"rendered":"4. Vitenskapelig tiln\u00e6rming til undervisningsoppdraget"},"content":{"rendered":"<p>M\u00e5let med denne delen er \u00e5 reflektere over og dokumentere min vitenskapelige tiln\u00e6rming til undervisningsoppdraget. Jeg dr\u00f8fter to kasusstudier, <strong>l\u00e6reb\u00f8kene<\/strong> mine og min tiln\u00e6rming til <strong>presentasjonsteknologi<\/strong>, og relaterer dem til f\u00f8lgende ideer fra den pedagogiske forskningslitteraturen:<\/p>\n<ul>\n<li>Blooms reviderte taksonomi<\/li>\n<li>Constructive alignment<\/li>\n<li>Speilvendte klasserom<\/li>\n<\/ul>\n<p><a href=\"http:\/\/digitalmappe.uit.no\/tne000\/3-1-kasusstudie-1-mine-laereboker\/\">4.1 Kasusstudie 1: Mine l\u00e6reb\u00f8ker<\/a><\/p>\n<p><a href=\"http:\/\/digitalmappe.uit.no\/tne000\/3-2-min-bruk-av-presentasjonsteknologi\/\">4.2 Kasusstudie 2: Presentasjonsteknologi<\/a><\/p>\n","protected":false},"excerpt":{"rendered":"<p>M\u00e5let med denne delen er \u00e5 reflektere over og dokumentere min vitenskapelige tiln\u00e6rming til undervisningsoppdraget. Jeg dr\u00f8fter to kasusstudier, l\u00e6reb\u00f8kene mine og min tiln\u00e6rming til presentasjonsteknologi, og relaterer dem til f\u00f8lgende ideer fra den pedagogiske forskningslitteraturen: Blooms reviderte taksonomi Constructive alignment Speilvendte klasserom 4.1 Kasusstudie 1: Mine l\u00e6reb\u00f8ker 4.2 Kasusstudie 2: Presentasjonsteknologi<\/p>\n","protected":false},"author":240,"featured_media":0,"parent":0,"menu_order":0,"comment_status":"closed","ping_status":"closed","template":"","meta":[],"_links":{"self":[{"href":"https:\/\/digitalmappe.uit.no\/tne000\/wp-json\/wp\/v2\/pages\/480"}],"collection":[{"href":"https:\/\/digitalmappe.uit.no\/tne000\/wp-json\/wp\/v2\/pages"}],"about":[{"href":"https:\/\/digitalmappe.uit.no\/tne000\/wp-json\/wp\/v2\/types\/page"}],"author":[{"embeddable":true,"href":"https:\/\/digitalmappe.uit.no\/tne000\/wp-json\/wp\/v2\/users\/240"}],"replies":[{"embeddable":true,"href":"https:\/\/digitalmappe.uit.no\/tne000\/wp-json\/wp\/v2\/comments?post=480"}],"version-history":[{"count":9,"href":"https:\/\/digitalmappe.uit.no\/tne000\/wp-json\/wp\/v2\/pages\/480\/revisions"}],"predecessor-version":[{"id":537,"href":"https:\/\/digitalmappe.uit.no\/tne000\/wp-json\/wp\/v2\/pages\/480\/revisions\/537"}],"wp:attachment":[{"href":"https:\/\/digitalmappe.uit.no\/tne000\/wp-json\/wp\/v2\/media?parent=480"}],"curies":[{"name":"wp","href":"https:\/\/api.w.org\/{rel}","templated":true}]}}