{"id":435,"date":"2018-01-31T16:24:56","date_gmt":"2018-01-31T15:24:56","guid":{"rendered":"http:\/\/digitalmappe.uit.no\/tne000\/?page_id=435"},"modified":"2018-02-13T16:06:08","modified_gmt":"2018-02-13T15:06:08","slug":"2-min-undervisningshistorie-og-filosofi","status":"publish","type":"page","link":"https:\/\/digitalmappe.uit.no\/tne000\/2-min-undervisningshistorie-og-filosofi\/","title":{"rendered":"3. Min undervisningshistorie og -filosofi"},"content":{"rendered":"<p>Hvordan har jeg utviklet meg som underviser gjennom 25 \u00e5r? Hvilke prinsipper ligger til grunn for min undervisning? Hvordan ser andre meg som underviser, og hva kan jeg l\u00e6re av det? I denne delen av mappen diskuterer jeg disse sp\u00f8rsm\u00e5lene i lys av ideene om \u201cconstructive alignment\u201d (1999) og et konstruktivistisk syn p\u00e5 l\u00e6ring generelt:<\/p>\n<p><a href=\"http:\/\/digitalmappe.uit.no\/tne000\/2-1-min-undervisningshistorie\/\">3.1 Min undervisningshistorie<\/a><\/p>\n<p><a href=\"http:\/\/digitalmappe.uit.no\/tne000\/2-2-min-undervisningsfilosofi\/\">3.2 Min undervisningsfilosofi<\/a><\/p>\n<p><a href=\"http:\/\/digitalmappe.uit.no\/tne000\/2-3-evaluering-hva-kan-jeg-laere-av-andre\/\">3.3 Evaluering av min undervisning og veiledning<\/a><\/p>\n","protected":false},"excerpt":{"rendered":"<p>Hvordan har jeg utviklet meg som underviser gjennom 25 \u00e5r? Hvilke prinsipper ligger til grunn for min undervisning? Hvordan ser andre meg som underviser, og hva kan jeg l\u00e6re av det? I denne delen av mappen diskuterer jeg disse sp\u00f8rsm\u00e5lene i lys av ideene om \u201cconstructive alignment\u201d (1999) og et konstruktivistisk syn p\u00e5 l\u00e6ring generelt: &hellip; <a href=\"https:\/\/digitalmappe.uit.no\/tne000\/2-min-undervisningshistorie-og-filosofi\/\" class=\"more-link\">Fortsett \u00e5 lese <span class=\"screen-reader-text\">3. Min undervisningshistorie og -filosofi<\/span> <span class=\"meta-nav\">&rarr;<\/span><\/a><\/p>\n","protected":false},"author":240,"featured_media":0,"parent":0,"menu_order":0,"comment_status":"closed","ping_status":"closed","template":"","meta":[],"_links":{"self":[{"href":"https:\/\/digitalmappe.uit.no\/tne000\/wp-json\/wp\/v2\/pages\/435"}],"collection":[{"href":"https:\/\/digitalmappe.uit.no\/tne000\/wp-json\/wp\/v2\/pages"}],"about":[{"href":"https:\/\/digitalmappe.uit.no\/tne000\/wp-json\/wp\/v2\/types\/page"}],"author":[{"embeddable":true,"href":"https:\/\/digitalmappe.uit.no\/tne000\/wp-json\/wp\/v2\/users\/240"}],"replies":[{"embeddable":true,"href":"https:\/\/digitalmappe.uit.no\/tne000\/wp-json\/wp\/v2\/comments?post=435"}],"version-history":[{"count":9,"href":"https:\/\/digitalmappe.uit.no\/tne000\/wp-json\/wp\/v2\/pages\/435\/revisions"}],"predecessor-version":[{"id":612,"href":"https:\/\/digitalmappe.uit.no\/tne000\/wp-json\/wp\/v2\/pages\/435\/revisions\/612"}],"wp:attachment":[{"href":"https:\/\/digitalmappe.uit.no\/tne000\/wp-json\/wp\/v2\/media?parent=435"}],"curies":[{"name":"wp","href":"https:\/\/api.w.org\/{rel}","templated":true}]}}