{"id":58,"date":"2015-10-15T10:16:18","date_gmt":"2015-10-15T09:16:18","guid":{"rendered":"http:\/\/digitalmappe.uit.no\/amg\/?page_id=58"},"modified":"2021-08-18T11:01:41","modified_gmt":"2021-08-18T10:01:41","slug":"undervisningshistorie","status":"publish","type":"page","link":"https:\/\/digitalmappe.uit.no\/amg\/undervisningshistorie\/","title":{"rendered":"Undervisningshistorie"},"content":{"rendered":"<h6>Min bakgrunn som underviser:<\/h6>\n<p>I Troms\u00f8 har jeg siden 2012 undervist tannpleierstudenter, tannlegestudenter og legestudenter i form av forelesninger, seminarer og <a href=\"http:\/\/digitalmappe.uit.no\/amg\/laeringsteorier\/\">problem basert l\u00e6ring<\/a> (PBL). \u00a0Mitt basisrepertoar av ulike undervisningsaktiviteter er dokumentert i vedleggene p\u00e5 denne siden. <a href=\"https:\/\/digitalmappe.uit.no\/amg\/wp-content\/uploads\/sites\/186\/2021\/08\/Undervisning-AMGussgard-2013-2021.pdf\" target=\"_blank\" rel=\"noopener\">Undervisning AMGussgard 2013-ongoing<\/a><\/p>\n<p>De \u00e5rene jeg bodde i Canada (2005-2012) underviste jeg tannlegestudenter og videreutdanningskandidater ved University of Toronto, b\u00e5de i form av forelesninger og klinisk veiledning i pasientklinikken. <a href=\"http:\/\/digitalmappe.uit.no\/amg\/wp-content\/uploads\/sites\/186\/2015\/10\/Undervisning-AMGussgard-2009-2012.pdf\" target=\"_blank\" rel=\"noopener\">Undervisning AMGussgard 2009-2012<\/a>\u00a0.\u00a0 I forbindelse med at jeg underviste i hvordan utarbeide og gjennomf\u00f8re kliniske studier, underviste jeg ogs\u00e5 i <strong>etiske retningslinjer <\/strong>i forbindelse med kliniske studier. Egne etiske betraktninger i forbindelse med klinisk forskning er ogs\u00e5 beskrevet i oppgaven <a href=\"http:\/\/digitalmappe.uit.no\/amg\/wp-content\/uploads\/sites\/186\/2015\/10\/Kreftpasient-eller-forskningsobjekt.pdf\" target=\"_blank\" rel=\"noopener\">Kreftpasient eller forskningsobjekt<\/a>. \u00a0<strong>Etikk<\/strong> er et viktig tema, b\u00e5de n\u00e5r det gjelder forskning, men ogs\u00e5 n\u00e5r man behandler pasienter og selvf\u00f8lgelig n\u00e5r det gjelder undervisning og veiledning for studenter. \u00a0Jeg er godt kjent med <a href=\"https:\/\/uit.no\/om\/enhet\/artikkel?p_document_id=66044&amp;p_dimension_id=88200\" target=\"_blank\" rel=\"noopener\">Etiske retningslinjer for veiledning ved UiT.<\/a>\u00a0 Fremtidige helsearbeidere m\u00e5 ha etikk som basis for senere pasientbehandling, da er det viktig at etikk ogs\u00e5 settes p\u00e5 dagsorden den tiden man er student.<\/p>\n<p>Jeg har ogs\u00e5 undervist tannlegespesialister da jeg arbeidet som salgsansvarlig for et amerikansk tannimplantatfirma (2000-2004).\u00a0 <a href=\"http:\/\/digitalmappe.uit.no\/amg\/wp-content\/uploads\/sites\/186\/2015\/10\/Undervisning-AMGussgard-1990-2004.pdf\" target=\"_blank\" rel=\"noopener\">Undervisning AMGussgard 1990-2004<\/a><\/p>\n<p>Etter at jeg tok tannlegeeksamen i Oslo i 1986, har jeg undervist tannlegestudenter ute i klinisk praksis. Jeg arbeidet ogs\u00e5 flere \u00e5r som tannlege p\u00e5 en dyreklinikk (1986-1993), og underviste da veterin\u00e6rer i tannbehandling p\u00e5 hund og katt.<\/p>\n<p>Som tannlege underviser jeg ogs\u00e5 pasientene. Alle pasienter f\u00e5r oppl\u00e6ring i egen munnhygiene, og hvordan de selv skal ta vare p\u00e5 sin orale helse. Pasientene l\u00e6rer hva periodontal sykdom inneb\u00e6rer, hvordan sykdommen kan forebygges og hvordan sykdommen kan behandles. \u00a0Dette er viktig for at de skal forst\u00e5 hensikten med egen innsats i oppf\u00f8lging og forebygging av videre sykdom.<\/p>\n\n","protected":false},"excerpt":{"rendered":"<p>Min bakgrunn som underviser: I Troms\u00f8 har jeg siden 2012 undervist tannpleierstudenter, tannlegestudenter og legestudenter i form av forelesninger, seminarer og problem basert l\u00e6ring (PBL). \u00a0Mitt basisrepertoar av ulike undervisningsaktiviteter er dokumentert i vedleggene p\u00e5 denne siden. Undervisning AMGussgard 2013-ongoing De \u00e5rene jeg bodde i Canada (2005-2012) underviste jeg tannlegestudenter og videreutdanningskandidater ved University of &hellip; <a href=\"https:\/\/digitalmappe.uit.no\/amg\/undervisningshistorie\/\" class=\"more-link\">Fortsett \u00e5 lese <span class=\"screen-reader-text\">Undervisningshistorie<\/span> <span class=\"meta-nav\">&rarr;<\/span><\/a><\/p>\n","protected":false},"author":77,"featured_media":0,"parent":0,"menu_order":0,"comment_status":"closed","ping_status":"closed","template":"","meta":[],"_links":{"self":[{"href":"https:\/\/digitalmappe.uit.no\/amg\/wp-json\/wp\/v2\/pages\/58"}],"collection":[{"href":"https:\/\/digitalmappe.uit.no\/amg\/wp-json\/wp\/v2\/pages"}],"about":[{"href":"https:\/\/digitalmappe.uit.no\/amg\/wp-json\/wp\/v2\/types\/page"}],"author":[{"embeddable":true,"href":"https:\/\/digitalmappe.uit.no\/amg\/wp-json\/wp\/v2\/users\/77"}],"replies":[{"embeddable":true,"href":"https:\/\/digitalmappe.uit.no\/amg\/wp-json\/wp\/v2\/comments?post=58"}],"version-history":[{"count":29,"href":"https:\/\/digitalmappe.uit.no\/amg\/wp-json\/wp\/v2\/pages\/58\/revisions"}],"predecessor-version":[{"id":332,"href":"https:\/\/digitalmappe.uit.no\/amg\/wp-json\/wp\/v2\/pages\/58\/revisions\/332"}],"wp:attachment":[{"href":"https:\/\/digitalmappe.uit.no\/amg\/wp-json\/wp\/v2\/media?parent=58"}],"curies":[{"name":"wp","href":"https:\/\/api.w.org\/{rel}","templated":true}]}}