{"id":4,"date":"2015-01-07T18:26:28","date_gmt":"2015-01-07T17:26:28","guid":{"rendered":"http:\/\/digitalmappe.uit.no\/amg\/?page_id=4"},"modified":"2016-04-05T15:20:09","modified_gmt":"2016-04-05T14:20:09","slug":"fordypningskurs","status":"publish","type":"page","link":"https:\/\/digitalmappe.uit.no\/amg\/fordypningskurs\/","title":{"rendered":"Fordypningskurs"},"content":{"rendered":"<p>Jeg har deltatt p\u00e5 kurset &laquo;Evaluering av l\u00e6ring og undervisning&raquo;. \u00a0Kurset\u00a0er utviklet av Vidar Gynnild,\u00a0professor i universitetspedagogikk ved NTNU, i samarbeid med Result. \u00a0L\u00e6ringsm\u00e5l for kurset er \u00e5:<\/p>\n<ul>\n<li>kunne redegj\u00f8re for et sett av ulike begreper og perspektiv knyttet til kvalitetsarbeid i h\u00f8yere utdanning.<\/li>\n<li>v\u00e6re i stand til \u00e5 identifisere \u00e9n eller flere vesentlige utfordringer med utgangspunkt i det feltet som blir n\u00e6rmere unders\u00f8kt.<\/li>\n<li>kunne identifisere prinsipielle endringer i emnedesign som med sannsynlighet kan bidra til forbedringer i l\u00e6ring og\/eller undervisning.<\/li>\n<\/ul>\n<p>Kurset har v\u00e6rt l\u00e6rerikt, gitt ny innsikt i kvalitetsarbeid og skapt konkrete ideer til utviklingsarbeid i eget emne. Under kurset\u00a0leverte jeg\u00a0to oppgaver:<\/p>\n<ol>\n<li>Den f\u00f8rste oppgaven omhandlet \u00ab<em>kvalitetsarbeid i eget emne\u00bb <\/em><em>med <\/em>utgangspunkt i <em>punkt 6.3-6.5 i <a href=\"http:\/\/www.nokut.no\/Documents\/NOKUT\/Artikkelbibliotek\/Kunnskapsbasen\/Rapporter\/Kvalitetssikringsrapporter\/2014\/HiOA_KS_evaluering_2014.pdf\" target=\"_blank\">NOKUT&#8217;s tilsynsrapport for H\u00f8gskolen i Oslo og Akershus (HiOA), 2014<\/a>.\u00a0<\/em><\/li>\n<li>I den andre oppgaven skrev jeg om \u00a0<em>\u00ab<\/em><em>Utviklingsarbeid i eget emne\u00bb<\/em>, med fokus p\u00e5 kvadrant 3 i Gynnilds matrix; \u00abHvordan forbedre studenters l\u00e6ring?\u00bb<\/li>\n<\/ol>\n<figure id=\"attachment_237\" aria-describedby=\"caption-attachment-237\" style=\"width: 300px\" class=\"wp-caption alignnone\"><a href=\"http:\/\/digitalmappe.uit.no\/amg\/wp-content\/uploads\/sites\/186\/2015\/01\/Gynnilds-matrix.jpg\" target=\"_blank\" rel=\"attachment wp-att-237\"><img loading=\"lazy\" class=\"wp-image-237 size-medium\" src=\"http:\/\/digitalmappe.uit.no\/amg\/wp-content\/uploads\/sites\/186\/2015\/01\/Gynnilds-matrix-300x225.jpg\" alt=\"Gynnilds matrix\" width=\"300\" height=\"225\" srcset=\"https:\/\/digitalmappe.uit.no\/amg\/wp-content\/uploads\/sites\/186\/2015\/01\/Gynnilds-matrix-300x225.jpg 300w, https:\/\/digitalmappe.uit.no\/amg\/wp-content\/uploads\/sites\/186\/2015\/01\/Gynnilds-matrix-768x576.jpg 768w, https:\/\/digitalmappe.uit.no\/amg\/wp-content\/uploads\/sites\/186\/2015\/01\/Gynnilds-matrix.jpg 960w\" sizes=\"(max-width: 300px) 100vw, 300px\" \/><\/a><figcaption id=\"caption-attachment-237\" class=\"wp-caption-text\">Gynnilds matrix<\/figcaption><\/figure>\n<p>&nbsp;<\/p>\n<p>&nbsp;<\/p>\n","protected":false},"excerpt":{"rendered":"<p>Jeg har deltatt p\u00e5 kurset &laquo;Evaluering av l\u00e6ring og undervisning&raquo;. \u00a0Kurset\u00a0er utviklet av Vidar Gynnild,\u00a0professor i universitetspedagogikk ved NTNU, i samarbeid med Result. \u00a0L\u00e6ringsm\u00e5l for kurset er \u00e5: kunne redegj\u00f8re for et sett av ulike begreper og perspektiv knyttet til kvalitetsarbeid i h\u00f8yere utdanning. v\u00e6re i stand til \u00e5 identifisere \u00e9n eller flere vesentlige utfordringer &hellip; <a href=\"https:\/\/digitalmappe.uit.no\/amg\/fordypningskurs\/\" class=\"more-link\">Fortsett \u00e5 lese <span class=\"screen-reader-text\">Fordypningskurs<\/span> <span class=\"meta-nav\">&rarr;<\/span><\/a><\/p>\n","protected":false},"author":27,"featured_media":0,"parent":0,"menu_order":0,"comment_status":"closed","ping_status":"closed","template":"","meta":[],"_links":{"self":[{"href":"https:\/\/digitalmappe.uit.no\/amg\/wp-json\/wp\/v2\/pages\/4"}],"collection":[{"href":"https:\/\/digitalmappe.uit.no\/amg\/wp-json\/wp\/v2\/pages"}],"about":[{"href":"https:\/\/digitalmappe.uit.no\/amg\/wp-json\/wp\/v2\/types\/page"}],"author":[{"embeddable":true,"href":"https:\/\/digitalmappe.uit.no\/amg\/wp-json\/wp\/v2\/users\/27"}],"replies":[{"embeddable":true,"href":"https:\/\/digitalmappe.uit.no\/amg\/wp-json\/wp\/v2\/comments?post=4"}],"version-history":[{"count":19,"href":"https:\/\/digitalmappe.uit.no\/amg\/wp-json\/wp\/v2\/pages\/4\/revisions"}],"predecessor-version":[{"id":270,"href":"https:\/\/digitalmappe.uit.no\/amg\/wp-json\/wp\/v2\/pages\/4\/revisions\/270"}],"wp:attachment":[{"href":"https:\/\/digitalmappe.uit.no\/amg\/wp-json\/wp\/v2\/media?parent=4"}],"curies":[{"name":"wp","href":"https:\/\/api.w.org\/{rel}","templated":true}]}}