{"id":2,"date":"2015-01-07T17:19:52","date_gmt":"2015-01-07T16:19:52","guid":{"rendered":"http:\/\/digitalmappe.uit.no\/amg\/?page_id=2"},"modified":"2021-08-18T10:40:35","modified_gmt":"2021-08-18T09:40:35","slug":"ommeg","status":"publish","type":"page","link":"https:\/\/digitalmappe.uit.no\/amg\/","title":{"rendered":"Om meg"},"content":{"rendered":"<p><img loading=\"lazy\" class=\"alignright wp-image-144\" src=\"http:\/\/digitalmappe.uit.no\/amg\/wp-content\/uploads\/sites\/186\/2015\/01\/Anne-m-Barley-h\u00f8sten-2015-Copy-300x277.jpg\" alt=\"\" width=\"270\" height=\"249\" srcset=\"https:\/\/digitalmappe.uit.no\/amg\/wp-content\/uploads\/sites\/186\/2015\/01\/Anne-m-Barley-h\u00f8sten-2015-Copy-300x277.jpg 300w, https:\/\/digitalmappe.uit.no\/amg\/wp-content\/uploads\/sites\/186\/2015\/01\/Anne-m-Barley-h\u00f8sten-2015-Copy.jpg 445w\" sizes=\"(max-width: 270px) 100vw, 270px\" \/>Jeg er tannlege, utdannet ved Universitetet i Oslo, 1986. Jeg har arbeidet som tannlege b\u00e5de i privat og offentlig virksomhet i s\u00f8r-Norge (1986-2005).<\/p>\n<p>I \u00e5rene 2005-2012 bodde jeg i Toronto, Canada, hvor jeg fullf\u00f8rte en tre\u00e5rig spesialistutdanning i periodontologi, ved University of Toronto, samtidig som jeg gjennomf\u00f8rte\u00a0klinisk forskning \u00a0som Staff Scientist ved Princess Margaret Cancer Centre.<\/p>\n<p>Jeg har v\u00e6rt tilknyttet UiT, Norges arktiske universitet siden 2012.<\/p>\n<p>Du finner meg p\u00e5:<br \/><a href=\"https:\/\/uit.no\/ansatte\/person?p_document_id=323745\" target=\"_blank\" rel=\"noopener\">https:\/\/uit.no<\/a><\/p>\n\n","protected":false},"excerpt":{"rendered":"<p>Jeg er tannlege, utdannet ved Universitetet i Oslo, 1986. Jeg har arbeidet som tannlege b\u00e5de i privat og offentlig virksomhet i s\u00f8r-Norge (1986-2005). I \u00e5rene 2005-2012 bodde jeg i Toronto, Canada, hvor jeg fullf\u00f8rte en tre\u00e5rig spesialistutdanning i periodontologi, ved University of Toronto, samtidig som jeg gjennomf\u00f8rte\u00a0klinisk forskning \u00a0som Staff Scientist ved Princess Margaret Cancer &hellip; <a href=\"https:\/\/digitalmappe.uit.no\/amg\/\" class=\"more-link\">Fortsett \u00e5 lese <span class=\"screen-reader-text\">Om meg<\/span> <span class=\"meta-nav\">&rarr;<\/span><\/a><\/p>\n","protected":false},"author":27,"featured_media":0,"parent":0,"menu_order":0,"comment_status":"closed","ping_status":"closed","template":"","meta":[],"_links":{"self":[{"href":"https:\/\/digitalmappe.uit.no\/amg\/wp-json\/wp\/v2\/pages\/2"}],"collection":[{"href":"https:\/\/digitalmappe.uit.no\/amg\/wp-json\/wp\/v2\/pages"}],"about":[{"href":"https:\/\/digitalmappe.uit.no\/amg\/wp-json\/wp\/v2\/types\/page"}],"author":[{"embeddable":true,"href":"https:\/\/digitalmappe.uit.no\/amg\/wp-json\/wp\/v2\/users\/27"}],"replies":[{"embeddable":true,"href":"https:\/\/digitalmappe.uit.no\/amg\/wp-json\/wp\/v2\/comments?post=2"}],"version-history":[{"count":16,"href":"https:\/\/digitalmappe.uit.no\/amg\/wp-json\/wp\/v2\/pages\/2\/revisions"}],"predecessor-version":[{"id":325,"href":"https:\/\/digitalmappe.uit.no\/amg\/wp-json\/wp\/v2\/pages\/2\/revisions\/325"}],"wp:attachment":[{"href":"https:\/\/digitalmappe.uit.no\/amg\/wp-json\/wp\/v2\/media?parent=2"}],"curies":[{"name":"wp","href":"https:\/\/api.w.org\/{rel}","templated":true}]}}