{"id":4,"date":"2015-01-07T18:26:28","date_gmt":"2015-01-07T17:26:28","guid":{"rendered":"http:\/\/digitalmappe.uit.no\/4klover23\/?page_id=4"},"modified":"2020-02-24T22:25:22","modified_gmt":"2020-02-24T21:25:22","slug":"min-forste-tekst","status":"publish","type":"page","link":"https:\/\/digitalmappe.uit.no\/4klover23\/","title":{"rendered":"Min pedagogiske mappe"},"content":{"rendered":"<p>Hei, jeg heter Kristine Helen Korsnes og er f\u00f8rstelektor ved det juridiske fakultet p\u00e5 universitetet i Troms\u00f8.<img loading=\"lazy\" class=\"alignright\" src=\"http:\/\/digitalmappe.uit.no\/4klover23\/wp-content\/uploads\/sites\/192\/2015\/01\/safe_image.jpg\" width=\"300\" height=\"300\" \/><\/p>\n<p>Jeg har arbeidet ved det juridiske fakultetet i\u00a020 \u00e5r.\u00a0I l\u00f8pet av disse \u00e5rene har jeg undervist p\u00e5 alle de fem avdelingene studiet er bygget opp av. Studenttallet\u00a0 har v\u00e6rt stigende og best\u00e5r i dag av om lag 950 studenter.\u00a0I tillegg til \u00e5 undervise masterstudenter har jeg holdt flere innlegg p\u00e5 pedagogisk forum for mine kollegaer, hatt ansvaret for oppl\u00e6ring av begynnerkollokvieledere, samt hatt ansvar for det pedagogiske oppf\u00f8lgingsprogrammet for nyansatte ved fakultetet.<\/p>\n<p>Jeg har v\u00e6rt interessert i og involvert meg i arbeid med utvikling av studiet, studiekvalitet og undervisningsmetoder. Jeg har av den grunn blant annet tatt del i en rekke interne prosjekter, sittet i utvalg, og fungert som avdelingsleder p\u00e5 flere avdelinger.<\/p>\n<p>Dette nettstedet presenterer min pedagogiske mappe, med andre ord dokumentasjon\u00a0av den profesjonelle utviklingen og kompetansen jeg har oppn\u00e5dd etter \u00e5 ha gjennomf\u00f8rt kurs i\u00a0pedagogisk basiskompetanse ved UiT.<\/p>\n<p>Prosessen og form\u00e5let med utviklingen av pedagogiske mapper er beskrevet av Marit Allern\u00a0p\u00e5 nettstedet <a href=\"http:\/\/www.uvett.uit.no\/result\/pm\/kbase\/intro.html\"><u>Pedagogiske mapper p\u00e5 nett<\/u><\/a>.<\/p>\n<p>Menypunktene i mappen\u00a0representerer de ulike kriteriene som ligger til grunn for\u00a0godkjenning av pedagogisk basiskompetanse \u2013 kort oppsummert:<\/p>\n<p><strong>Min undervisning <\/strong>inneholder disse underpunktene<strong>:<\/strong><\/p>\n<ul>\n<li><u>Undervisningsfilosofi:<\/u> beskriver mitt kunnskaps- og l\u00e6ringssyn, b\u00e5de hvordan det er forankret i teori og hvordan det kommer til uttrykk i min egen undervisningspraksis.<\/li>\n<li><u>Undervisningshistorie<\/u>: oversikt over min egen undervisning\u00a0i h\u00f8yere utdanning.<\/li>\n<li><u>Pedagogisk basisrepertoar<\/u>: oversikt over ulike undervisningsformer og -aktiviteter jeg har erfaring med.<\/li>\n<li><u>Erfaringer med summativ og formativ vurdering<\/u>: mine erfaringer med ulike vurderingsformer og dokumentasjon p\u00e5 at jeg kan argumentere for hensiktsmessigheten av ulike vurderingsformer.<\/li>\n<li><u>Etisk bevisthet: <\/u>viser\u00a0sammenholdt med andre tekster i mappa mi at jeg har generell etisk bevissthet og kompetanse, at jeg kjenner til Etiske retningslinjer for veiledning ved UiT og har\u00a0kunnskaper om studentenes rettigheter\u00a0ved \u00e5 kunne handle i tr\u00e5d med idealer for god utdanningspraksis.<\/li>\n<\/ul>\n<p><strong>Fordypningsprosjekt: <\/strong>beskriver et prosjekt som omhandler utvikling av et skrivekurs for f\u00f8rste\u00e5rsstudenter p\u00e5 masterstudiet i rettsvitenskap i Troms\u00f8.<\/p>\n<p><strong>Kollegaveiledning: <\/strong>er en refleksjon over\u00a0min egen og andres undervisning basert p\u00e5 gjensidig observasjon, og dokumentasjon p\u00e5 at kollegaveiledningen er gjennomf\u00f8rt i henhold til kriteriene for kurset.<\/p>\n<p><strong>Dokumentasjon: <\/strong>inneholder\u00a0kursbevis.<\/p>\n<p><strong>Avslutning: <\/strong>er en tekst der jeg reflekterer over utbyttet mitt\u00a0av \u00e5 delta p\u00e5 programmet og hvordan jeg kan anvende\u00a0det jeg har l\u00e6rt til \u00e5 videreutvikle min egen undervisningspraksis.<\/p>\n<p>Vil du vite mer om meg? Her er linken til mitt <a href=\"https:\/\/uit.no\/om\/enhet\/ansatte\/person?p_document_id=43442&amp;p_dimension_id=88177\">personkort<\/a>.<\/p>\n","protected":false},"excerpt":{"rendered":"<p>Hei, jeg heter Kristine Helen Korsnes og er f\u00f8rstelektor ved det juridiske fakultet p\u00e5 universitetet i Troms\u00f8. Jeg har arbeidet ved det juridiske fakultetet i\u00a020 \u00e5r.\u00a0I l\u00f8pet av disse \u00e5rene har jeg undervist p\u00e5 alle de fem avdelingene studiet er bygget opp av. Studenttallet\u00a0 har v\u00e6rt stigende og best\u00e5r i dag av om lag 950 &hellip; <a href=\"https:\/\/digitalmappe.uit.no\/4klover23\/\" class=\"more-link\">Fortsett \u00e5 lese <span class=\"screen-reader-text\">Min pedagogiske mappe<\/span> <span class=\"meta-nav\">&rarr;<\/span><\/a><\/p>\n","protected":false},"author":27,"featured_media":0,"parent":0,"menu_order":0,"comment_status":"closed","ping_status":"closed","template":"","meta":[],"_links":{"self":[{"href":"https:\/\/digitalmappe.uit.no\/4klover23\/wp-json\/wp\/v2\/pages\/4"}],"collection":[{"href":"https:\/\/digitalmappe.uit.no\/4klover23\/wp-json\/wp\/v2\/pages"}],"about":[{"href":"https:\/\/digitalmappe.uit.no\/4klover23\/wp-json\/wp\/v2\/types\/page"}],"author":[{"embeddable":true,"href":"https:\/\/digitalmappe.uit.no\/4klover23\/wp-json\/wp\/v2\/users\/27"}],"replies":[{"embeddable":true,"href":"https:\/\/digitalmappe.uit.no\/4klover23\/wp-json\/wp\/v2\/comments?post=4"}],"version-history":[{"count":35,"href":"https:\/\/digitalmappe.uit.no\/4klover23\/wp-json\/wp\/v2\/pages\/4\/revisions"}],"predecessor-version":[{"id":666,"href":"https:\/\/digitalmappe.uit.no\/4klover23\/wp-json\/wp\/v2\/pages\/4\/revisions\/666"}],"wp:attachment":[{"href":"https:\/\/digitalmappe.uit.no\/4klover23\/wp-json\/wp\/v2\/media?parent=4"}],"curies":[{"name":"wp","href":"https:\/\/api.w.org\/{rel}","templated":true}]}}