{"id":155,"date":"2016-12-15T11:04:28","date_gmt":"2016-12-15T10:04:28","guid":{"rendered":"http:\/\/digitalmappe.uit.no\/4klover23\/?page_id=155"},"modified":"2018-02-21T08:40:46","modified_gmt":"2018-02-21T07:40:46","slug":"min-undervisningspraksis","status":"publish","type":"page","link":"https:\/\/digitalmappe.uit.no\/4klover23\/min-undervisningspraksis\/","title":{"rendered":"Undervisningshistorie"},"content":{"rendered":"<p><span style=\"color: #000000;font-family: Calibri\">Nedenfor f\u00f8lger en oversikt over undervisning jeg har hatt. Oversikten er utfyllende, men ikke utt\u00f8mmende. Undervisningen som er mest sentral i min portef\u00f8lje, er inntatt f\u00f8rst. P\u00e5 grunn av studiereformer har det i l\u00f8pet av min ansettelsesperiode variert hvilken avdeling de enkelte fagene har v\u00e6rt en del av og hva de har blitt kalt.<\/span><\/p>\n<p><a href=\"http:\/\/digitalmappe.uit.no\/4klover23\/wp-content\/uploads\/sites\/192\/2016\/12\/Undervisningspraksis-1.pdf\">Min undervisningspraksis<\/a><\/p>\n","protected":false},"excerpt":{"rendered":"<p>Nedenfor f\u00f8lger en oversikt over undervisning jeg har hatt. Oversikten er utfyllende, men ikke utt\u00f8mmende. Undervisningen som er mest sentral i min portef\u00f8lje, er inntatt f\u00f8rst. P\u00e5 grunn av studiereformer har det i l\u00f8pet av min ansettelsesperiode variert hvilken avdeling de enkelte fagene har v\u00e6rt en del av og hva de har blitt kalt. Min &hellip; <a href=\"https:\/\/digitalmappe.uit.no\/4klover23\/min-undervisningspraksis\/\" class=\"more-link\">Fortsett \u00e5 lese <span class=\"screen-reader-text\">Undervisningshistorie<\/span> <span class=\"meta-nav\">&rarr;<\/span><\/a><\/p>\n","protected":false},"author":140,"featured_media":0,"parent":0,"menu_order":0,"comment_status":"closed","ping_status":"closed","template":"","meta":[],"_links":{"self":[{"href":"https:\/\/digitalmappe.uit.no\/4klover23\/wp-json\/wp\/v2\/pages\/155"}],"collection":[{"href":"https:\/\/digitalmappe.uit.no\/4klover23\/wp-json\/wp\/v2\/pages"}],"about":[{"href":"https:\/\/digitalmappe.uit.no\/4klover23\/wp-json\/wp\/v2\/types\/page"}],"author":[{"embeddable":true,"href":"https:\/\/digitalmappe.uit.no\/4klover23\/wp-json\/wp\/v2\/users\/140"}],"replies":[{"embeddable":true,"href":"https:\/\/digitalmappe.uit.no\/4klover23\/wp-json\/wp\/v2\/comments?post=155"}],"version-history":[{"count":11,"href":"https:\/\/digitalmappe.uit.no\/4klover23\/wp-json\/wp\/v2\/pages\/155\/revisions"}],"predecessor-version":[{"id":655,"href":"https:\/\/digitalmappe.uit.no\/4klover23\/wp-json\/wp\/v2\/pages\/155\/revisions\/655"}],"wp:attachment":[{"href":"https:\/\/digitalmappe.uit.no\/4klover23\/wp-json\/wp\/v2\/media?parent=155"}],"curies":[{"name":"wp","href":"https:\/\/api.w.org\/{rel}","templated":true}]}}